{"id":2105,"date":"2023-09-26T12:43:22","date_gmt":"2023-09-26T10:43:22","guid":{"rendered":"https:\/\/www.reinova.tech\/?page_id=2105"},"modified":"2024-11-05T10:04:40","modified_gmt":"2024-11-05T09:04:40","slug":"politica-per-la-parita-di-genere","status":"publish","type":"page","link":"https:\/\/reinova.tech\/it\/reilab\/certificazioni\/politica-per-la-parita-di-genere\/","title":{"rendered":"Politica per la parit\u00e0 di genere"},"content":{"rendered":"<div class=\"yoast-breadcrumbs mb110 mb60-m\"><span><span><a href=\"https:\/\/reinova.tech\/it\/\">Home<\/a><\/span> &raquo; <span><a href=\"https:\/\/reinova.tech\/it\/reilab\/\">Reilab<\/a><\/span> &raquo; <span><a href=\"https:\/\/reinova.tech\/it\/reilab\/certificazioni\/\">Certificazioni<\/a><\/span> &raquo; <span class=\"breadcrumb_last\" aria-current=\"page\">Politica per la parit\u00e0 di genere<\/span><\/span><\/div>\n\n\n<h1 class=\"has-text-align-center uppercase mb70 mb40-m wp-block-heading\">Certificazioni &amp; Conformit\u00e0<\/h1>\n\n\n\n<p style=\"font-size:14px\"><strong>30 Marzo 2024<\/strong><\/p>\n\n\n\n<h3 class=\"wp-block-heading\">Politica per la parit\u00e0 di genere<\/h3>\n\n\n\n<p>La presente Politica per la Parit\u00e0 di Genere definisce i principi, gli obiettivi e le indicazioni guida che definiscono l\u2019impegno dell\u2019organizzazione nei confronti dei temi relativi alla parit\u00e0 di genere, alla valorizzazione delle diversit\u00e0 e all\u2019empowerment femminile. <\/p>\n\n\n\n<p>Reinova S.p.A. intende perseguire il soddisfacimento delle attese e dei bisogni dei propri stakeholders attraverso una strategia di Gestione della parit\u00e0 di genere che soddisfi i requisiti della normativa UNI Pdr 125:2022.<\/p>\n\n\n\n<div class=\"wp-block-buttons is-content-justification-left is-layout-flex wp-block-buttons-is-layout-flex\">\n<div class=\"wp-block-button\"><a class=\"wp-block-button__link has-white-color has-text-color has-background\" href=\"https:\/\/www.reinova.tech\/wp-content\/uploads\/2024\/11\/Politica-Parita-di-Genere-30032024.pdf\" style=\"background-color:#009fe3\" target=\"_blank\" rel=\"noreferrer noopener\">Scarica il pdf<\/a><\/div>\n<\/div>\n","protected":false},"excerpt":{"rendered":"<p>Certificazioni &amp; Conformit\u00e0 30 Marzo 2024 Politica per la parit\u00e0 di genere La presente Politica per la Parit\u00e0 di Genere definisce i principi, gli obiettivi e le indicazioni guida che definiscono l\u2019impegno dell\u2019organizzazione nei confronti dei temi relativi alla parit\u00e0 di genere, alla valorizzazione delle diversit\u00e0 e all\u2019empowerment femminile. Reinova S.p.A. intende perseguire il soddisfacimento [&hellip;]<\/p>\n","protected":false},"author":1,"featured_media":0,"parent":1534,"menu_order":0,"comment_status":"closed","ping_status":"closed","template":"template-parts\/template-certificazione-reilab.php","meta":{"inline_featured_image":false,"footnotes":""},"class_list":["post-2105","page","type-page","status-publish","hentry"],"yoast_head":"<!-- This site is optimized with the Yoast SEO plugin v25.2 - https:\/\/yoast.com\/wordpress\/plugins\/seo\/ -->\n<title>Politica per la parit\u00e0 di genere - Reinova<\/title>\n<meta name=\"robots\" content=\"index, follow, max-snippet:-1, max-image-preview:large, max-video-preview:-1\" \/>\n<link rel=\"canonical\" href=\"https:\/\/reinova.tech\/reilab\/certifications\/gender-equality-policy\/\" \/>\n<meta property=\"og:locale\" content=\"it_IT\" \/>\n<meta property=\"og:type\" content=\"article\" \/>\n<meta property=\"og:title\" content=\"Politica per la parit\u00e0 di genere - Reinova\" \/>\n<meta property=\"og:description\" content=\"Certificazioni &amp; Conformit\u00e0 30 Marzo 2024 Politica per la parit\u00e0 di genere La presente Politica per la Parit\u00e0 di Genere definisce i principi, gli obiettivi e le indicazioni guida che definiscono l\u2019impegno dell\u2019organizzazione nei confronti dei temi relativi alla parit\u00e0 di genere, alla valorizzazione delle diversit\u00e0 e all\u2019empowerment femminile. Reinova S.p.A. intende perseguire il soddisfacimento [&hellip;]\" \/>\n<meta property=\"og:url\" content=\"https:\/\/reinova.tech\/reilab\/certifications\/gender-equality-policy\/\" \/>\n<meta property=\"og:site_name\" content=\"Reinova\" \/>\n<meta property=\"article:modified_time\" content=\"2024-11-05T09:04:40+00:00\" \/>\n<meta name=\"twitter:card\" content=\"summary_large_image\" \/>\n<meta name=\"twitter:label1\" content=\"Tempo di lettura stimato\" \/>\n\t<meta name=\"twitter:data1\" content=\"1 minuto\" \/>\n<script type=\"application\/ld+json\" class=\"yoast-schema-graph\">{\"@context\":\"https:\/\/schema.org\",\"@graph\":[{\"@type\":\"WebPage\",\"@id\":\"https:\/\/reinova.tech\/reilab\/certifications\/gender-equality-policy\/\",\"url\":\"https:\/\/reinova.tech\/reilab\/certifications\/gender-equality-policy\/\",\"name\":\"Politica per la parit\u00e0 di genere - Reinova\",\"isPartOf\":{\"@id\":\"https:\/\/reinova.tech\/#website\"},\"datePublished\":\"2023-09-26T10:43:22+00:00\",\"dateModified\":\"2024-11-05T09:04:40+00:00\",\"breadcrumb\":{\"@id\":\"https:\/\/reinova.tech\/reilab\/certifications\/gender-equality-policy\/#breadcrumb\"},\"inLanguage\":\"it-IT\",\"potentialAction\":[{\"@type\":\"ReadAction\",\"target\":[\"https:\/\/reinova.tech\/reilab\/certifications\/gender-equality-policy\/\"]}]},{\"@type\":\"BreadcrumbList\",\"@id\":\"https:\/\/reinova.tech\/reilab\/certifications\/gender-equality-policy\/#breadcrumb\",\"itemListElement\":[{\"@type\":\"ListItem\",\"position\":1,\"name\":\"Home\",\"item\":\"https:\/\/reinova.tech\/it\/\"},{\"@type\":\"ListItem\",\"position\":2,\"name\":\"Reilab\",\"item\":\"https:\/\/reinova.tech\/it\/reilab\/\"},{\"@type\":\"ListItem\",\"position\":3,\"name\":\"Certificazioni\",\"item\":\"https:\/\/reinova.tech\/it\/reilab\/certificazioni\/\"},{\"@type\":\"ListItem\",\"position\":4,\"name\":\"Politica per la parit\u00e0 di genere\"}]},{\"@type\":\"WebSite\",\"@id\":\"https:\/\/reinova.tech\/#website\",\"url\":\"https:\/\/reinova.tech\/\",\"name\":\"Reinova\",\"description\":\"\",\"publisher\":{\"@id\":\"https:\/\/reinova.tech\/#organization\"},\"potentialAction\":[{\"@type\":\"SearchAction\",\"target\":{\"@type\":\"EntryPoint\",\"urlTemplate\":\"https:\/\/reinova.tech\/?s={search_term_string}\"},\"query-input\":{\"@type\":\"PropertyValueSpecification\",\"valueRequired\":true,\"valueName\":\"search_term_string\"}}],\"inLanguage\":\"it-IT\"},{\"@type\":\"Organization\",\"@id\":\"https:\/\/reinova.tech\/#organization\",\"name\":\"Reinova\",\"url\":\"https:\/\/reinova.tech\/\",\"logo\":{\"@type\":\"ImageObject\",\"inLanguage\":\"it-IT\",\"@id\":\"https:\/\/reinova.tech\/#\/schema\/logo\/image\/\",\"url\":\"https:\/\/reinova.tech\/wp-content\/uploads\/2021\/04\/reinova-black.svg\",\"contentUrl\":\"https:\/\/reinova.tech\/wp-content\/uploads\/2021\/04\/reinova-black.svg\",\"width\":126,\"height\":24,\"caption\":\"Reinova\"},\"image\":{\"@id\":\"https:\/\/reinova.tech\/#\/schema\/logo\/image\/\"}}]}<\/script>\n<!-- \/ Yoast SEO plugin. -->","yoast_head_json":{"title":"Politica per la parit\u00e0 di genere - Reinova","robots":{"index":"index","follow":"follow","max-snippet":"max-snippet:-1","max-image-preview":"max-image-preview:large","max-video-preview":"max-video-preview:-1"},"canonical":"https:\/\/reinova.tech\/reilab\/certifications\/gender-equality-policy\/","og_locale":"it_IT","og_type":"article","og_title":"Politica per la parit\u00e0 di genere - Reinova","og_description":"Certificazioni &amp; Conformit\u00e0 30 Marzo 2024 Politica per la parit\u00e0 di genere La presente Politica per la Parit\u00e0 di Genere definisce i principi, gli obiettivi e le indicazioni guida che definiscono l\u2019impegno dell\u2019organizzazione nei confronti dei temi relativi alla parit\u00e0 di genere, alla valorizzazione delle diversit\u00e0 e all\u2019empowerment femminile. Reinova S.p.A. intende perseguire il soddisfacimento [&hellip;]","og_url":"https:\/\/reinova.tech\/reilab\/certifications\/gender-equality-policy\/","og_site_name":"Reinova","article_modified_time":"2024-11-05T09:04:40+00:00","twitter_card":"summary_large_image","twitter_misc":{"Tempo di lettura stimato":"1 minuto"},"schema":{"@context":"https:\/\/schema.org","@graph":[{"@type":"WebPage","@id":"https:\/\/reinova.tech\/reilab\/certifications\/gender-equality-policy\/","url":"https:\/\/reinova.tech\/reilab\/certifications\/gender-equality-policy\/","name":"Politica per la parit\u00e0 di genere - Reinova","isPartOf":{"@id":"https:\/\/reinova.tech\/#website"},"datePublished":"2023-09-26T10:43:22+00:00","dateModified":"2024-11-05T09:04:40+00:00","breadcrumb":{"@id":"https:\/\/reinova.tech\/reilab\/certifications\/gender-equality-policy\/#breadcrumb"},"inLanguage":"it-IT","potentialAction":[{"@type":"ReadAction","target":["https:\/\/reinova.tech\/reilab\/certifications\/gender-equality-policy\/"]}]},{"@type":"BreadcrumbList","@id":"https:\/\/reinova.tech\/reilab\/certifications\/gender-equality-policy\/#breadcrumb","itemListElement":[{"@type":"ListItem","position":1,"name":"Home","item":"https:\/\/reinova.tech\/it\/"},{"@type":"ListItem","position":2,"name":"Reilab","item":"https:\/\/reinova.tech\/it\/reilab\/"},{"@type":"ListItem","position":3,"name":"Certificazioni","item":"https:\/\/reinova.tech\/it\/reilab\/certificazioni\/"},{"@type":"ListItem","position":4,"name":"Politica per la parit\u00e0 di genere"}]},{"@type":"WebSite","@id":"https:\/\/reinova.tech\/#website","url":"https:\/\/reinova.tech\/","name":"Reinova","description":"","publisher":{"@id":"https:\/\/reinova.tech\/#organization"},"potentialAction":[{"@type":"SearchAction","target":{"@type":"EntryPoint","urlTemplate":"https:\/\/reinova.tech\/?s={search_term_string}"},"query-input":{"@type":"PropertyValueSpecification","valueRequired":true,"valueName":"search_term_string"}}],"inLanguage":"it-IT"},{"@type":"Organization","@id":"https:\/\/reinova.tech\/#organization","name":"Reinova","url":"https:\/\/reinova.tech\/","logo":{"@type":"ImageObject","inLanguage":"it-IT","@id":"https:\/\/reinova.tech\/#\/schema\/logo\/image\/","url":"https:\/\/reinova.tech\/wp-content\/uploads\/2021\/04\/reinova-black.svg","contentUrl":"https:\/\/reinova.tech\/wp-content\/uploads\/2021\/04\/reinova-black.svg","width":126,"height":24,"caption":"Reinova"},"image":{"@id":"https:\/\/reinova.tech\/#\/schema\/logo\/image\/"}}]}},"_links":{"self":[{"href":"https:\/\/reinova.tech\/it\/wp-json\/wp\/v2\/pages\/2105","targetHints":{"allow":["GET"]}}],"collection":[{"href":"https:\/\/reinova.tech\/it\/wp-json\/wp\/v2\/pages"}],"about":[{"href":"https:\/\/reinova.tech\/it\/wp-json\/wp\/v2\/types\/page"}],"author":[{"embeddable":true,"href":"https:\/\/reinova.tech\/it\/wp-json\/wp\/v2\/users\/1"}],"replies":[{"embeddable":true,"href":"https:\/\/reinova.tech\/it\/wp-json\/wp\/v2\/comments?post=2105"}],"version-history":[{"count":2,"href":"https:\/\/reinova.tech\/it\/wp-json\/wp\/v2\/pages\/2105\/revisions"}],"predecessor-version":[{"id":2290,"href":"https:\/\/reinova.tech\/it\/wp-json\/wp\/v2\/pages\/2105\/revisions\/2290"}],"up":[{"embeddable":true,"href":"https:\/\/reinova.tech\/it\/wp-json\/wp\/v2\/pages\/1534"}],"wp:attachment":[{"href":"https:\/\/reinova.tech\/it\/wp-json\/wp\/v2\/media?parent=2105"}],"curies":[{"name":"wp","href":"https:\/\/api.w.org\/{rel}","templated":true}]}}