{"id":2338,"date":"2024-12-11T16:11:29","date_gmt":"2024-12-11T15:11:29","guid":{"rendered":"https:\/\/www.reinova.tech\/?page_id=2338"},"modified":"2025-12-12T12:03:01","modified_gmt":"2025-12-12T11:03:01","slug":"report-sostenibilita","status":"publish","type":"page","link":"https:\/\/reinova.tech\/it\/certificazioni\/report-sostenibilita\/","title":{"rendered":"Report Sostenibilit\u00e0"},"content":{"rendered":"<div class=\"yoast-breadcrumbs mb110 mb60-m\"><span><span><a href=\"https:\/\/reinova.tech\/it\/\">Home<\/a><\/span> &raquo; <span><a href=\"https:\/\/reinova.tech\/it\/certificazioni\/\">Certificazioni &#038; Conformit\u00e0<\/a><\/span> &raquo; <span class=\"breadcrumb_last\" aria-current=\"page\">Report Sostenibilit\u00e0<\/span><\/span><\/div>\n\n\n<h1 class=\"wp-block-heading has-text-align-center uppercase mb70 mb40-m\">Certificazioni &amp; Conformit\u00e0<\/h1>\n\n\n\n<p style=\"font-size:14px\"><strong>20 Novembre 2025<\/strong><\/p>\n\n\n\n<h3 class=\"wp-block-heading\">Report Sostenibilit\u00e0<\/h3>\n\n\n\n<p><strong>Scopri il nostro impegno per la sostenibilit\u00e0<\/strong><br>Siamo lieti di annunciare la pubblicazione del nostro <strong>Bilancio di Sostenibilit\u00e0<\/strong>, un documento che racconta il nostro percorso verso un futuro pi\u00f9 responsabile e sostenibile. Trasparenza, innovazione e rispetto per l&#8217;ambiente sono i valori che guidano le nostre azioni.&nbsp;<\/p>\n\n\n\n<div class=\"wp-block-buttons is-horizontal is-content-justification-left is-layout-flex wp-container-core-buttons-is-layout-7e5fce0a wp-block-buttons-is-layout-flex\">\n<div class=\"wp-block-button\"><a class=\"wp-block-button__link has-white-color has-text-color has-background wp-element-button\" href=\"https:\/\/www.linkedin.com\/feed\/update\/urn:li:activity:7265386742252249089\" style=\"background-color:#81bc00\" target=\"_blank\" rel=\"noreferrer noopener\">Scarica il report 2023<\/a><\/div>\n\n\n\n<div class=\"wp-block-button\"><a class=\"wp-block-button__link has-white-color has-text-color has-background wp-element-button\" href=\"https:\/\/www.linkedin.com\/feed\/update\/urn:li:activity:7397619858974167041\/\" style=\"background-color:#81bc00\" target=\"_blank\" rel=\"noreferrer noopener\">Scarica il report 2024<\/a><\/div>\n<\/div>\n\n\n\n<p><\/p>\n","protected":false},"excerpt":{"rendered":"<p>Certificazioni &amp; Conformit\u00e0 20 Novembre 2025 Report Sostenibilit\u00e0 Scopri il nostro impegno per la sostenibilit\u00e0Siamo lieti di annunciare la pubblicazione del nostro Bilancio di Sostenibilit\u00e0, un documento che racconta il nostro percorso verso un futuro pi\u00f9 responsabile e sostenibile. Trasparenza, innovazione e rispetto per l&#8217;ambiente sono i valori che guidano le nostre azioni.&nbsp;<\/p>\n","protected":false},"author":4,"featured_media":0,"parent":1494,"menu_order":0,"comment_status":"closed","ping_status":"closed","template":"template-parts\/template-certificazione.php","meta":{"inline_featured_image":false,"footnotes":""},"class_list":["post-2338","page","type-page","status-publish","hentry"],"yoast_head":"<!-- This site is optimized with the Yoast SEO plugin v25.2 - https:\/\/yoast.com\/wordpress\/plugins\/seo\/ -->\n<title>Report Sostenibilit\u00e0 - Reinova<\/title>\n<meta name=\"robots\" content=\"index, follow, max-snippet:-1, max-image-preview:large, max-video-preview:-1\" \/>\n<link rel=\"canonical\" href=\"https:\/\/reinova.tech\/it\/certificazioni\/report-sostenibilita\/\" \/>\n<meta property=\"og:locale\" content=\"it_IT\" \/>\n<meta property=\"og:type\" content=\"article\" \/>\n<meta property=\"og:title\" content=\"Report Sostenibilit\u00e0 - Reinova\" \/>\n<meta property=\"og:description\" content=\"Certificazioni &amp; Conformit\u00e0 20 Novembre 2025 Report Sostenibilit\u00e0 Scopri il nostro impegno per la sostenibilit\u00e0Siamo lieti di annunciare la pubblicazione del nostro Bilancio di Sostenibilit\u00e0, un documento che racconta il nostro percorso verso un futuro pi\u00f9 responsabile e sostenibile. Trasparenza, innovazione e rispetto per l&#8217;ambiente sono i valori che guidano le nostre azioni.&nbsp;\" \/>\n<meta property=\"og:url\" content=\"https:\/\/reinova.tech\/it\/certificazioni\/report-sostenibilita\/\" \/>\n<meta property=\"og:site_name\" content=\"Reinova\" \/>\n<meta property=\"article:modified_time\" content=\"2025-12-12T11:03:01+00:00\" \/>\n<meta name=\"twitter:card\" content=\"summary_large_image\" \/>\n<meta name=\"twitter:label1\" content=\"Tempo di lettura stimato\" \/>\n\t<meta name=\"twitter:data1\" content=\"1 minuto\" \/>\n<script type=\"application\/ld+json\" class=\"yoast-schema-graph\">{\"@context\":\"https:\/\/schema.org\",\"@graph\":[{\"@type\":\"WebPage\",\"@id\":\"https:\/\/reinova.tech\/it\/certificazioni\/report-sostenibilita\/\",\"url\":\"https:\/\/reinova.tech\/it\/certificazioni\/report-sostenibilita\/\",\"name\":\"Report Sostenibilit\u00e0 - Reinova\",\"isPartOf\":{\"@id\":\"https:\/\/reinova.tech\/#website\"},\"datePublished\":\"2024-12-11T15:11:29+00:00\",\"dateModified\":\"2025-12-12T11:03:01+00:00\",\"breadcrumb\":{\"@id\":\"https:\/\/reinova.tech\/it\/certificazioni\/report-sostenibilita\/#breadcrumb\"},\"inLanguage\":\"it-IT\",\"potentialAction\":[{\"@type\":\"ReadAction\",\"target\":[\"https:\/\/reinova.tech\/it\/certificazioni\/report-sostenibilita\/\"]}]},{\"@type\":\"BreadcrumbList\",\"@id\":\"https:\/\/reinova.tech\/it\/certificazioni\/report-sostenibilita\/#breadcrumb\",\"itemListElement\":[{\"@type\":\"ListItem\",\"position\":1,\"name\":\"Home\",\"item\":\"https:\/\/reinova.tech\/it\/\"},{\"@type\":\"ListItem\",\"position\":2,\"name\":\"Certificazioni &#038; Conformit\u00e0\",\"item\":\"https:\/\/reinova.tech\/it\/certificazioni\/\"},{\"@type\":\"ListItem\",\"position\":3,\"name\":\"Report Sostenibilit\u00e0\"}]},{\"@type\":\"WebSite\",\"@id\":\"https:\/\/reinova.tech\/#website\",\"url\":\"https:\/\/reinova.tech\/\",\"name\":\"Reinova\",\"description\":\"\",\"publisher\":{\"@id\":\"https:\/\/reinova.tech\/#organization\"},\"potentialAction\":[{\"@type\":\"SearchAction\",\"target\":{\"@type\":\"EntryPoint\",\"urlTemplate\":\"https:\/\/reinova.tech\/?s={search_term_string}\"},\"query-input\":{\"@type\":\"PropertyValueSpecification\",\"valueRequired\":true,\"valueName\":\"search_term_string\"}}],\"inLanguage\":\"it-IT\"},{\"@type\":\"Organization\",\"@id\":\"https:\/\/reinova.tech\/#organization\",\"name\":\"Reinova\",\"url\":\"https:\/\/reinova.tech\/\",\"logo\":{\"@type\":\"ImageObject\",\"inLanguage\":\"it-IT\",\"@id\":\"https:\/\/reinova.tech\/#\/schema\/logo\/image\/\",\"url\":\"https:\/\/reinova.tech\/wp-content\/uploads\/2021\/04\/reinova-black.svg\",\"contentUrl\":\"https:\/\/reinova.tech\/wp-content\/uploads\/2021\/04\/reinova-black.svg\",\"width\":126,\"height\":24,\"caption\":\"Reinova\"},\"image\":{\"@id\":\"https:\/\/reinova.tech\/#\/schema\/logo\/image\/\"}}]}<\/script>\n<!-- \/ Yoast SEO plugin. -->","yoast_head_json":{"title":"Report Sostenibilit\u00e0 - Reinova","robots":{"index":"index","follow":"follow","max-snippet":"max-snippet:-1","max-image-preview":"max-image-preview:large","max-video-preview":"max-video-preview:-1"},"canonical":"https:\/\/reinova.tech\/it\/certificazioni\/report-sostenibilita\/","og_locale":"it_IT","og_type":"article","og_title":"Report Sostenibilit\u00e0 - Reinova","og_description":"Certificazioni &amp; Conformit\u00e0 20 Novembre 2025 Report Sostenibilit\u00e0 Scopri il nostro impegno per la sostenibilit\u00e0Siamo lieti di annunciare la pubblicazione del nostro Bilancio di Sostenibilit\u00e0, un documento che racconta il nostro percorso verso un futuro pi\u00f9 responsabile e sostenibile. Trasparenza, innovazione e rispetto per l&#8217;ambiente sono i valori che guidano le nostre azioni.&nbsp;","og_url":"https:\/\/reinova.tech\/it\/certificazioni\/report-sostenibilita\/","og_site_name":"Reinova","article_modified_time":"2025-12-12T11:03:01+00:00","twitter_card":"summary_large_image","twitter_misc":{"Tempo di lettura stimato":"1 minuto"},"schema":{"@context":"https:\/\/schema.org","@graph":[{"@type":"WebPage","@id":"https:\/\/reinova.tech\/it\/certificazioni\/report-sostenibilita\/","url":"https:\/\/reinova.tech\/it\/certificazioni\/report-sostenibilita\/","name":"Report Sostenibilit\u00e0 - Reinova","isPartOf":{"@id":"https:\/\/reinova.tech\/#website"},"datePublished":"2024-12-11T15:11:29+00:00","dateModified":"2025-12-12T11:03:01+00:00","breadcrumb":{"@id":"https:\/\/reinova.tech\/it\/certificazioni\/report-sostenibilita\/#breadcrumb"},"inLanguage":"it-IT","potentialAction":[{"@type":"ReadAction","target":["https:\/\/reinova.tech\/it\/certificazioni\/report-sostenibilita\/"]}]},{"@type":"BreadcrumbList","@id":"https:\/\/reinova.tech\/it\/certificazioni\/report-sostenibilita\/#breadcrumb","itemListElement":[{"@type":"ListItem","position":1,"name":"Home","item":"https:\/\/reinova.tech\/it\/"},{"@type":"ListItem","position":2,"name":"Certificazioni &#038; Conformit\u00e0","item":"https:\/\/reinova.tech\/it\/certificazioni\/"},{"@type":"ListItem","position":3,"name":"Report Sostenibilit\u00e0"}]},{"@type":"WebSite","@id":"https:\/\/reinova.tech\/#website","url":"https:\/\/reinova.tech\/","name":"Reinova","description":"","publisher":{"@id":"https:\/\/reinova.tech\/#organization"},"potentialAction":[{"@type":"SearchAction","target":{"@type":"EntryPoint","urlTemplate":"https:\/\/reinova.tech\/?s={search_term_string}"},"query-input":{"@type":"PropertyValueSpecification","valueRequired":true,"valueName":"search_term_string"}}],"inLanguage":"it-IT"},{"@type":"Organization","@id":"https:\/\/reinova.tech\/#organization","name":"Reinova","url":"https:\/\/reinova.tech\/","logo":{"@type":"ImageObject","inLanguage":"it-IT","@id":"https:\/\/reinova.tech\/#\/schema\/logo\/image\/","url":"https:\/\/reinova.tech\/wp-content\/uploads\/2021\/04\/reinova-black.svg","contentUrl":"https:\/\/reinova.tech\/wp-content\/uploads\/2021\/04\/reinova-black.svg","width":126,"height":24,"caption":"Reinova"},"image":{"@id":"https:\/\/reinova.tech\/#\/schema\/logo\/image\/"}}]}},"_links":{"self":[{"href":"https:\/\/reinova.tech\/it\/wp-json\/wp\/v2\/pages\/2338","targetHints":{"allow":["GET"]}}],"collection":[{"href":"https:\/\/reinova.tech\/it\/wp-json\/wp\/v2\/pages"}],"about":[{"href":"https:\/\/reinova.tech\/it\/wp-json\/wp\/v2\/types\/page"}],"author":[{"embeddable":true,"href":"https:\/\/reinova.tech\/it\/wp-json\/wp\/v2\/users\/4"}],"replies":[{"embeddable":true,"href":"https:\/\/reinova.tech\/it\/wp-json\/wp\/v2\/comments?post=2338"}],"version-history":[{"count":2,"href":"https:\/\/reinova.tech\/it\/wp-json\/wp\/v2\/pages\/2338\/revisions"}],"predecessor-version":[{"id":2548,"href":"https:\/\/reinova.tech\/it\/wp-json\/wp\/v2\/pages\/2338\/revisions\/2548"}],"up":[{"embeddable":true,"href":"https:\/\/reinova.tech\/it\/wp-json\/wp\/v2\/pages\/1494"}],"wp:attachment":[{"href":"https:\/\/reinova.tech\/it\/wp-json\/wp\/v2\/media?parent=2338"}],"curies":[{"name":"wp","href":"https:\/\/api.w.org\/{rel}","templated":true}]}}