{"id":961,"date":"2021-04-13T09:45:41","date_gmt":"2021-04-13T07:45:41","guid":{"rendered":"https:\/\/www.reinova.tech\/cookie-policy\/"},"modified":"2021-06-04T15:36:16","modified_gmt":"2021-06-04T13:36:16","slug":"cookie-policy","status":"publish","type":"page","link":"https:\/\/reinova.tech\/it\/cookie-policy\/","title":{"rendered":"Cookie Policy"},"content":{"rendered":"\n<h3 class=\"mb20 wp-block-heading\"><strong>Informazioni sull\u2019utilizzo dei <em>cookie<\/em><\/strong><\/h3>\n\n\n\n<p>Ai sensi e per gli effetti del Regolamento (UE) 2016\/679 (di seguito, per brevit\u00e0, \u201cRegolamento\u201d), della direttiva 2002\/58\/CE e del d.lgs. 196\/2003, Rei Lab s.r.l. Le fornisce di seguito le informazioni relative all\u2019utilizzo dei <em>cookie <\/em>e tecnologie similari (tra cui, <em>web beacon, web bug, clear<\/em> GIF, ecc.) nell\u2019ambito della navigazione sul sito <em>web <\/em>di Rei Lab s.r.l.<\/p>\n\n\n\n<p>Il Titolare del trattamento dei dati personali \u00e8 Rei Lab s.r.l., con sede in Reggio Emilia, Via Sicilia, 31, 42122 Reggio Emilia, P.I. 02769390358, in persona del legale rappresentante\u00a0<em>pro tempore\u00a0<\/em>Giuseppe Esposito Corcione (di seguito, \u201ctitolare del trattamento\u201d o \u201cRei Lab\u201d), disponibile ai seguenti recapiti:\u00a0<a href=\"mailto:privacy@reinova.tech\">privacy@reinova.tech<\/a><\/p>\n\n\n\n<p><em>1. Uso dei <\/em>cookie<\/p>\n\n\n\n<p>I\u00a0<em>cookie\u00a0<\/em>sono stringhe di testo di piccole dimensioni che i siti\u00a0<em>web\u00a0<\/em>(c.d. \u201cprima parte\u201d) visitati dall\u2019utente ovvero siti o\u00a0<em>web server\u00a0<\/em>diversi (c.d. \u201cterze parti\u201d) posizionano ed archiviano \u2013 direttamente e indirettamente \u2013 all\u2019interno di un dispositivo terminale nella disponibilit\u00e0 dell\u2019utente medesimo (ad esempio,\u00a0<em>personal computer<\/em>, un\u00a0<em>tablet<\/em>, uno\u00a0<em>smartphone<\/em>\u00a0ed ogni altro dispositivo in grado di archiviare informazioni).<\/p>\n\n\n\n<p>Facendo riferimento ai <em>cookie<\/em> in questo documento, si considerano ricompresi nella definizione anche le tecnologie similari utilizzate per raccogliere informazioni sul comportamento dell\u2019utente e sull\u2019utilizzo dei servizi, quali ad esempio <em>web beacon<\/em>, <em>web bug, <\/em>GIF trasparenti e tutte le forme di <em>storage<\/em> locale introdotte con HTML5.<\/p>\n\n\n\n<p><em>2. Natura dei <\/em>cookie&nbsp;<\/p>\n\n\n\n<p>I siti Internet usano <em>cookie<\/em> per diverse finalit\u00e0 e possono essere distinti in <em>cookie <\/em>tecnici e in <em>cookie <\/em>di profilazione.&nbsp;<\/p>\n\n\n\n<p>Il sito di Rei Lab utilizza i seguenti <em>cookie<\/em>:<\/p>\n\n\n\n<ul class=\"wp-block-list\"><li><em>cookie<\/em> tecnici strettamente necessari<\/li><\/ul>\n\n\n\n<p>si tratta di <em>cookie<\/em> indispensabili per il corretto funzionamento del sito e sono utilizzati per gestire il <em>login<\/em> e l\u2019accesso alle funzioni riservate del sito. La loro disattivazione compromette solo l\u2019utilizzo dei servizi accessibili da <em>login<\/em>. La parte pubblica del sito resta invece normalmente utilizzabile;<\/p>\n\n\n\n<ul class=\"wp-block-list\"><li><em>cookie<\/em> di funzionalit\u00e0<\/li><\/ul>\n\n\n\n<p>sono <em>cookie <\/em>che permettono all\u2019utente la navigazione in funzione delle scelte effettuate dallo stesso che vengono memorizzate al fine di ottimizzare la navigazione (ad esempio, la lingua, il paese, i prodotti selezionati per l\u2019acquisto). Questi <em>cookie<\/em> non sono indispensabili per il funzionamento del sito, ma migliorano la qualit\u00e0 e l\u2019esperienza della navigazione.<\/p>\n\n\n\n<p>Il sito di Rei Lab non utilizza <em>cookie<\/em> di profilazione.<\/p>\n\n\n\n<p><em>3. <\/em>Cookie <em>di terze parti<\/em><\/p>\n\n\n\n<p>Il sito di Rei Lab utilizza, per meri fini statistici, <em>cookie<\/em> analitici realizzati e messi a disposizione da terze parti. In particolare, sono utilizzati i <em>cookie<\/em> analitici di \u201cGoogle Analytics\u201d, un servizio di analisi statistica erogato e gestito da Google, impostato in modo da ridurre il potere identificativo dei <em>cookie<\/em>. A tal fine sono state disabilitate anche le funzioni che permettono l\u2019incrocio delle informazioni da parte di terze parti.&nbsp;<\/p>\n\n\n\n<p>Il sito di Rei Lab contiene inoltre i c.d. <em>social plugin<\/em> il cui impiego \u00e8 finalizzato alla condivisione dei contenuti sui <em>social network<\/em> (ad esempio, Facebook, Twitter, Google+ e LinkedIn). La presenza di questi <em>plugin<\/em> comporta la trasmissione di <em>cookie<\/em> da e verso tutti i siti gestiti da terze parti. La gestione delle informazioni raccolte da \u201cterze parti\u201d \u00e8 disciplinata dalle relative informative cui si prega di fare riferimento.<\/p>\n\n\n\n<p>Si riportano nel dettaglio i singoli <em>cookie<\/em> di terze parti presenti nel sito di Rei Lab, nonch\u00e9 i <em>link<\/em> alle informative e alla modalit\u00e0 di gestione dei <em>cookie<\/em> attraverso i quali l\u2019utente pu\u00f2 ricevere maggiori informazioni e richiedere la disattivazione dei <em>cookie<\/em>:<\/p>\n\n\n\n<p>&#8211; Google Analytics&nbsp;<\/p>\n\n\n\n<p><a href=\"http:\/\/www.google.com\/analytics\/terms\/it.html\">http:\/\/www.google.com\/analytics\/terms\/it.html<\/a>; &nbsp; <a href=\"http:\/\/www.google.com\/privacypolicy.html\">http:\/\/www.google.com\/privacypolicy.html<\/a>&nbsp;<\/p>\n\n\n\n<p>&#8211; Facebook<\/p>\n\n\n\n<p><a href=\"https:\/\/www.facebook.com\/help\/cookies\/\">https:\/\/www.facebook.com\/help\/cookies\/<\/a>; <a href=\"https:\/\/it-it.facebook.com\/policy.php\">https:\/\/it-it.facebook.com\/policy.php<\/a>&nbsp;<\/p>\n\n\n\n<p>&#8211; Twitter<\/p>\n\n\n\n<p>\u00a0<a href=\"https:\/\/support.twitter.com\/articles\/20170514\">https:\/\/support.twitter.com\/articles\/20170514<\/a>; <a href=\"https:\/\/twitter.com\/settings\/security\">https:\/\/twitter.com\/settings\/security<\/a>\u00a0<\/p>\n\n\n\n<p>Per disabilitare soltanto i <em>cookie <\/em>di Google Analytics \u00e8 possibile utilizzare il componente aggiuntivo di <em>opt-out<\/em> fornito da Google per i <em>browser<\/em> principali al seguente indirizzo: <a href=\"https:\/\/tools.google.com\/dlpage\/gaoptout?hl=it\">https:\/\/tools.google.com\/dlpage\/gaoptout?hl=it<\/a>&nbsp;<\/p>\n\n\n\n<p><em>4. Durata dei <\/em>cookie<\/p>\n\n\n\n<p>Alcuni <em>cookie<\/em> restano attivi solo fino alla chiusura del <em>browser<\/em> o all\u2019esecuzione del comando di <em>logout<\/em> (c.d. <em>cookie<\/em> di sessione).<\/p>\n\n\n\n<p>Altri <em>cookie<\/em> restano invece disponibili anche in successive visite dell\u2019utente (c.d. <em>cookie <\/em>persistenti) e la loro durata \u00e8 stabilita dal <em>server<\/em> al momento della loro creazione. In alcuni casi \u00e8 fissata una scadenza, in altri casi la durata \u00e8 illimitata.\u00a0<\/p>\n\n\n\n<p><em>5. Gestione dei <\/em>cookie<\/p>\n\n\n\n<p>Nel caso in cui l\u2019utente non volesse acconsentire all\u2019uso dei <em>cookie<\/em>, si segnala che \u00e8 possibile disabilitare i <em>cookie<\/em> del sito di Rei Lab, utilizzando le impostazioni del proprio <em>browser<\/em>.<\/p>\n\n\n\n<p>A titolo di esempio, in Firefox, attraverso il menu Strumenti-&gt;Opzioni -&gt;Privacy, \u00e8 possibile accedere ad un pannello di controllo dove \u00e8 possibile definire se accettare o meno i diversi tipi di <em>cookie<\/em> e procedere alla loro rimozione.<\/p>\n\n\n\n<p>Di seguito, sono riportati i <em>link <\/em>relativi a diversi <em>broswer <\/em>a cui accedere ai fini della gestione dei <em>cookie<\/em>:<\/p>\n\n\n\n<p>Chrome <a href=\"https:\/\/support.google.com\/chrome\/answer\/95647?hl=it\">https:\/\/support.google.com\/chrome\/answer\/95647?hl=it<\/a>&nbsp;<\/p>\n\n\n\n<p>Firefox <a href=\"https:\/\/support.mozilla.org\/it\/kb\/Gestione%20dei%20cookie\">https:\/\/support.mozilla.org\/it\/kb\/Gestione%20dei%20cookie<\/a>&nbsp;<\/p>\n\n\n\n<p>Internet Explorer <a href=\"http:\/\/windows.microsoft.com\/it-it\/windows7\/how-to-manage-cookies-in-internet-explorer-9\">http:\/\/windows.microsoft.com\/it-it\/windows7\/how-to-manage-cookies-in-internet-explorer-9<\/a>&nbsp;<\/p>\n\n\n\n<p>Opera <a href=\"http:\/\/help.opera.com\/Windows\/10.00\/it\/cookies.html\">http:\/\/help.opera.com\/Windows\/10.00\/it\/cookies.html<\/a>&nbsp;<\/p>\n\n\n\n<p>Safari <a href=\"http:\/\/support.apple.com\/kb\/HT1677?viewlocale=it_IT\">http:\/\/support.apple.com\/kb\/HT1677?viewlocale=it_IT<\/a>&nbsp;<\/p>\n\n\n\n<p>Si segnala che la disabilitazione totale o parziale dei <em>cookie<\/em> tecnici potrebbe compromettere l\u2019utilizzo delle funzionalit\u00e0 del sito riservate agli utenti registrati. Al contrario, i contenuti pubblici mantengono la loro funzionalit\u00e0 anche a seguito della completa disabilitazione dei <em>cookie<\/em>.<\/p>\n\n\n\n<p>La disattivazione dei <em>cookie<\/em> di terze parti \u00e8 possibile attraverso le modalit\u00e0 rese disponibili direttamente dalla societ\u00e0 terza titolare per detto trattamento, come indicato ai <em>link<\/em> riportati nel paragrafo della presente informativa \u201c3. Cookie di terze parti\u201d.<\/p>\n\n\n\n<p><em>6. Aggiornamento della <\/em>cookie policy<\/p>\n\n\n\n<p>La presente informativa sull\u2019uso dei\u00a0<em>cookie<\/em>\u00a0sar\u00e0 costantemente aggiornata. Si consiglia pertanto di controllare periodicamente questa pagina per prendere visione di eventuali cambiamenti.\u00a0<\/p>\n\n\n\n<p>Ultimo aggiornamento:\u00a0<em>07\/06\/2021<\/em><\/p>\n","protected":false},"excerpt":{"rendered":"<p>Informazioni sull\u2019utilizzo dei cookie Ai sensi e per gli effetti del Regolamento (UE) 2016\/679 (di seguito, per brevit\u00e0, \u201cRegolamento\u201d), della direttiva 2002\/58\/CE e del d.lgs. 196\/2003, Rei Lab s.r.l. Le fornisce di seguito le informazioni relative all\u2019utilizzo dei cookie e tecnologie similari (tra cui, web beacon, web bug, clear GIF, ecc.) nell\u2019ambito della navigazione sul [&hellip;]<\/p>\n","protected":false},"author":1,"featured_media":0,"parent":0,"menu_order":0,"comment_status":"closed","ping_status":"closed","template":"","meta":{"inline_featured_image":false,"footnotes":""},"class_list":["post-961","page","type-page","status-publish","hentry"],"yoast_head":"<!-- This site is optimized with the Yoast SEO plugin v25.2 - https:\/\/yoast.com\/wordpress\/plugins\/seo\/ -->\n<title>Cookie Policy - Reinova<\/title>\n<meta name=\"robots\" content=\"index, follow, max-snippet:-1, max-image-preview:large, max-video-preview:-1\" \/>\n<link rel=\"canonical\" href=\"https:\/\/reinova.tech\/cookie-policy\/\" \/>\n<meta property=\"og:locale\" content=\"it_IT\" \/>\n<meta property=\"og:type\" content=\"article\" \/>\n<meta property=\"og:title\" content=\"Cookie Policy - Reinova\" \/>\n<meta property=\"og:description\" content=\"Informazioni sull\u2019utilizzo dei cookie Ai sensi e per gli effetti del Regolamento (UE) 2016\/679 (di seguito, per brevit\u00e0, \u201cRegolamento\u201d), della direttiva 2002\/58\/CE e del d.lgs. 196\/2003, Rei Lab s.r.l. Le fornisce di seguito le informazioni relative all\u2019utilizzo dei cookie e tecnologie similari (tra cui, web beacon, web bug, clear GIF, ecc.) nell\u2019ambito della navigazione sul [&hellip;]\" \/>\n<meta property=\"og:url\" content=\"https:\/\/reinova.tech\/cookie-policy\/\" \/>\n<meta property=\"og:site_name\" content=\"Reinova\" \/>\n<meta property=\"article:modified_time\" content=\"2021-06-04T13:36:16+00:00\" \/>\n<meta name=\"twitter:card\" content=\"summary_large_image\" \/>\n<meta name=\"twitter:label1\" content=\"Tempo di lettura stimato\" \/>\n\t<meta name=\"twitter:data1\" content=\"4 minuti\" \/>\n<script type=\"application\/ld+json\" class=\"yoast-schema-graph\">{\"@context\":\"https:\/\/schema.org\",\"@graph\":[{\"@type\":\"WebPage\",\"@id\":\"https:\/\/reinova.tech\/cookie-policy\/\",\"url\":\"https:\/\/reinova.tech\/cookie-policy\/\",\"name\":\"Cookie Policy - Reinova\",\"isPartOf\":{\"@id\":\"https:\/\/reinova.tech\/#website\"},\"datePublished\":\"2021-04-13T07:45:41+00:00\",\"dateModified\":\"2021-06-04T13:36:16+00:00\",\"breadcrumb\":{\"@id\":\"https:\/\/reinova.tech\/cookie-policy\/#breadcrumb\"},\"inLanguage\":\"it-IT\",\"potentialAction\":[{\"@type\":\"ReadAction\",\"target\":[\"https:\/\/reinova.tech\/cookie-policy\/\"]}]},{\"@type\":\"BreadcrumbList\",\"@id\":\"https:\/\/reinova.tech\/cookie-policy\/#breadcrumb\",\"itemListElement\":[{\"@type\":\"ListItem\",\"position\":1,\"name\":\"Home\",\"item\":\"https:\/\/reinova.tech\/it\/\"},{\"@type\":\"ListItem\",\"position\":2,\"name\":\"Cookie Policy\"}]},{\"@type\":\"WebSite\",\"@id\":\"https:\/\/reinova.tech\/#website\",\"url\":\"https:\/\/reinova.tech\/\",\"name\":\"Reinova\",\"description\":\"\",\"publisher\":{\"@id\":\"https:\/\/reinova.tech\/#organization\"},\"potentialAction\":[{\"@type\":\"SearchAction\",\"target\":{\"@type\":\"EntryPoint\",\"urlTemplate\":\"https:\/\/reinova.tech\/?s={search_term_string}\"},\"query-input\":{\"@type\":\"PropertyValueSpecification\",\"valueRequired\":true,\"valueName\":\"search_term_string\"}}],\"inLanguage\":\"it-IT\"},{\"@type\":\"Organization\",\"@id\":\"https:\/\/reinova.tech\/#organization\",\"name\":\"Reinova\",\"url\":\"https:\/\/reinova.tech\/\",\"logo\":{\"@type\":\"ImageObject\",\"inLanguage\":\"it-IT\",\"@id\":\"https:\/\/reinova.tech\/#\/schema\/logo\/image\/\",\"url\":\"https:\/\/reinova.tech\/wp-content\/uploads\/2021\/04\/reinova-black.svg\",\"contentUrl\":\"https:\/\/reinova.tech\/wp-content\/uploads\/2021\/04\/reinova-black.svg\",\"width\":126,\"height\":24,\"caption\":\"Reinova\"},\"image\":{\"@id\":\"https:\/\/reinova.tech\/#\/schema\/logo\/image\/\"}}]}<\/script>\n<!-- \/ Yoast SEO plugin. -->","yoast_head_json":{"title":"Cookie Policy - Reinova","robots":{"index":"index","follow":"follow","max-snippet":"max-snippet:-1","max-image-preview":"max-image-preview:large","max-video-preview":"max-video-preview:-1"},"canonical":"https:\/\/reinova.tech\/cookie-policy\/","og_locale":"it_IT","og_type":"article","og_title":"Cookie Policy - Reinova","og_description":"Informazioni sull\u2019utilizzo dei cookie Ai sensi e per gli effetti del Regolamento (UE) 2016\/679 (di seguito, per brevit\u00e0, \u201cRegolamento\u201d), della direttiva 2002\/58\/CE e del d.lgs. 196\/2003, Rei Lab s.r.l. Le fornisce di seguito le informazioni relative all\u2019utilizzo dei cookie e tecnologie similari (tra cui, web beacon, web bug, clear GIF, ecc.) nell\u2019ambito della navigazione sul [&hellip;]","og_url":"https:\/\/reinova.tech\/cookie-policy\/","og_site_name":"Reinova","article_modified_time":"2021-06-04T13:36:16+00:00","twitter_card":"summary_large_image","twitter_misc":{"Tempo di lettura stimato":"4 minuti"},"schema":{"@context":"https:\/\/schema.org","@graph":[{"@type":"WebPage","@id":"https:\/\/reinova.tech\/cookie-policy\/","url":"https:\/\/reinova.tech\/cookie-policy\/","name":"Cookie Policy - Reinova","isPartOf":{"@id":"https:\/\/reinova.tech\/#website"},"datePublished":"2021-04-13T07:45:41+00:00","dateModified":"2021-06-04T13:36:16+00:00","breadcrumb":{"@id":"https:\/\/reinova.tech\/cookie-policy\/#breadcrumb"},"inLanguage":"it-IT","potentialAction":[{"@type":"ReadAction","target":["https:\/\/reinova.tech\/cookie-policy\/"]}]},{"@type":"BreadcrumbList","@id":"https:\/\/reinova.tech\/cookie-policy\/#breadcrumb","itemListElement":[{"@type":"ListItem","position":1,"name":"Home","item":"https:\/\/reinova.tech\/it\/"},{"@type":"ListItem","position":2,"name":"Cookie Policy"}]},{"@type":"WebSite","@id":"https:\/\/reinova.tech\/#website","url":"https:\/\/reinova.tech\/","name":"Reinova","description":"","publisher":{"@id":"https:\/\/reinova.tech\/#organization"},"potentialAction":[{"@type":"SearchAction","target":{"@type":"EntryPoint","urlTemplate":"https:\/\/reinova.tech\/?s={search_term_string}"},"query-input":{"@type":"PropertyValueSpecification","valueRequired":true,"valueName":"search_term_string"}}],"inLanguage":"it-IT"},{"@type":"Organization","@id":"https:\/\/reinova.tech\/#organization","name":"Reinova","url":"https:\/\/reinova.tech\/","logo":{"@type":"ImageObject","inLanguage":"it-IT","@id":"https:\/\/reinova.tech\/#\/schema\/logo\/image\/","url":"https:\/\/reinova.tech\/wp-content\/uploads\/2021\/04\/reinova-black.svg","contentUrl":"https:\/\/reinova.tech\/wp-content\/uploads\/2021\/04\/reinova-black.svg","width":126,"height":24,"caption":"Reinova"},"image":{"@id":"https:\/\/reinova.tech\/#\/schema\/logo\/image\/"}}]}},"_links":{"self":[{"href":"https:\/\/reinova.tech\/it\/wp-json\/wp\/v2\/pages\/961","targetHints":{"allow":["GET"]}}],"collection":[{"href":"https:\/\/reinova.tech\/it\/wp-json\/wp\/v2\/pages"}],"about":[{"href":"https:\/\/reinova.tech\/it\/wp-json\/wp\/v2\/types\/page"}],"author":[{"embeddable":true,"href":"https:\/\/reinova.tech\/it\/wp-json\/wp\/v2\/users\/1"}],"replies":[{"embeddable":true,"href":"https:\/\/reinova.tech\/it\/wp-json\/wp\/v2\/comments?post=961"}],"version-history":[{"count":2,"href":"https:\/\/reinova.tech\/it\/wp-json\/wp\/v2\/pages\/961\/revisions"}],"predecessor-version":[{"id":1093,"href":"https:\/\/reinova.tech\/it\/wp-json\/wp\/v2\/pages\/961\/revisions\/1093"}],"wp:attachment":[{"href":"https:\/\/reinova.tech\/it\/wp-json\/wp\/v2\/media?parent=961"}],"curies":[{"name":"wp","href":"https:\/\/api.w.org\/{rel}","templated":true}]}}